{"id":3224,"date":"2020-05-21T11:50:52","date_gmt":"2020-05-21T11:50:52","guid":{"rendered":"https:\/\/apack.com.br\/newsite\/?page_id=3224"},"modified":"2021-07-14T12:34:19","modified_gmt":"2021-07-14T12:34:19","slug":"our-portfolio","status":"publish","type":"page","link":"https:\/\/apack.com.br\/newsite\/our-portfolio\/","title":{"rendered":"Portfolio"},"content":{"rendered":"\t\t<div data-elementor-type=\"wp-page\" data-elementor-id=\"3224\" class=\"elementor elementor-3224\">\n\t\t\t\t\t\t<section class=\"elementor-section elementor-top-section elementor-element elementor-element-dee3ca9 elementor-section-full_width elementor-section-height-default elementor-section-height-default sc_fly_static\" data-id=\"dee3ca9\" data-element_type=\"section\">\n\t\t\t\t\t\t<div class=\"elementor-container elementor-column-gap-extended\">\n\t\t\t\t\t<div class=\"elementor-column elementor-col-100 elementor-top-column elementor-element elementor-element-5c70a5a sc_inner_width_none sc_content_align_inherit sc_layouts_column_icons_position_left sc_fly_static\" data-id=\"5c70a5a\" data-element_type=\"column\">\n\t\t\t<div class=\"elementor-widget-wrap elementor-element-populated\">\n\t\t\t\t\t\t<div class=\"elementor-element elementor-element-4acb988 sc_height_huge sc_fly_static elementor-widget elementor-widget-spacer\" data-id=\"4acb988\" data-element_type=\"widget\" data-widget_type=\"spacer.default\">\n\t\t\t\t<div class=\"elementor-widget-container\">\n\t\t\t\t\t\t\t<div class=\"elementor-spacer\">\n\t\t\t<div class=\"elementor-spacer-inner\"><\/div>\n\t\t<\/div>\n\t\t\t\t\t\t<\/div>\n\t\t\t\t<\/div>\n\t\t\t\t<div class=\"elementor-element elementor-element-5b7f4f9 sc_fly_static elementor-widget elementor-widget-trx_sc_portfolio\" data-id=\"5b7f4f9\" data-element_type=\"widget\" data-widget_type=\"trx_sc_portfolio.default\">\n\t\t\t\t<div class=\"elementor-widget-container\">\n\t\t\t\t\t<div \t\tclass=\"sc_portfolio sc_portfolio_extra\"><div class=\"sc_portfolio_columns_wrap sc_item_columns sc_item_posts_container trx_addons_columns_wrap columns_padding_bottom grid_wrap_3 columns_in_single_row\"><div class=\"trx_addons_column-1_4 trx_addons_column-1_2-tablet trx_addons_column-1_2-mobile\"><div data-post-id=\"26391\" class=\"sc_portfolio_item sc_item_container post_container\"\r\n\t\tdata-size=\"1344x768\"\r\n\tdata-src=\"https:\/\/apack.com.br\/newsite\/wp-content\/uploads\/2025\/11\/boi-forte.jpg\"\r\n\t>\r\n\t<div class=\"post_featured with_thumb hover_info sc_portfolio_item_thumb post_featured_bg\"><span class=\"post_thumb post_thumb_bg bg_in qwery_inline_919269278\"><\/span>\t\t\t\t\t\t<div class=\"mask\"><\/div>\n\t\t\t\t\t\t<a href=\"https:\/\/apack.com.br\/newsite\/cases\/boi-forte\/\"><\/a><div class=\"post_info\"><h5 class=\"post_title\"><a href=\"https:\/\/apack.com.br\/newsite\/cases\/boi-forte\/\">Boi Forte embalagens personalizadas e impressas<\/a><\/h5><div class=\"post_meta\"><span class=\"post_meta_item post_categories cat_sep\"><a href=\"https:\/\/apack.com.br\/newsite\/case\/embalagens\/\" title=\"View all posts in Embalagens\">Embalagens<\/a><\/span><\/div><\/div><\/div>\t\r\n<\/div><\/div><div class=\"trx_addons_column-1_4 trx_addons_column-1_2-tablet trx_addons_column-1_2-mobile\"><div data-post-id=\"2761\" class=\"sc_portfolio_item sc_item_container post_container\"\r\n\t\tdata-size=\"1080x608\"\r\n\tdata-src=\"https:\/\/apack.com.br\/newsite\/wp-content\/uploads\/2020\/05\/ibra-coleta-de-solo.jpg\"\r\n\t>\r\n\t<div class=\"post_featured with_thumb hover_info sc_portfolio_item_thumb post_featured_bg\"><span class=\"post_thumb post_thumb_bg bg_in qwery_inline_1093213363\"><\/span>\t\t\t\t\t\t<div class=\"mask\"><\/div>\n\t\t\t\t\t\t<a href=\"https:\/\/apack.com.br\/newsite\/cases\/embalagem-com-qr-code-variavel\/\"><\/a><div class=\"post_info\"><h5 class=\"post_title\"><a href=\"https:\/\/apack.com.br\/newsite\/cases\/embalagem-com-qr-code-variavel\/\">Ibra Laborat\u00f3rios de An\u00e1lises Embalagem com QR Code vari\u00e1vel<\/a><\/h5><div class=\"post_meta\"><span class=\"post_meta_item post_categories cat_sep\"><a href=\"https:\/\/apack.com.br\/newsite\/case\/embalagens\/\" title=\"View all posts in Embalagens\">Embalagens<\/a><\/span><\/div><\/div><\/div>\t\r\n<\/div><\/div><div class=\"trx_addons_column-1_4 trx_addons_column-1_2-tablet trx_addons_column-1_2-mobile\"><div data-post-id=\"2757\" class=\"sc_portfolio_item sc_item_container post_container\"\r\n\t\tdata-size=\"1344x768\"\r\n\tdata-src=\"https:\/\/apack.com.br\/newsite\/wp-content\/uploads\/2020\/05\/sacola-reebok.jpg\"\r\n\t>\r\n\t<div class=\"post_featured with_thumb hover_info sc_portfolio_item_thumb post_featured_bg\"><span class=\"post_thumb post_thumb_bg bg_in qwery_inline_777474753\"><\/span>\t\t\t\t\t\t<div class=\"mask\"><\/div>\n\t\t\t\t\t\t<a href=\"https:\/\/apack.com.br\/newsite\/cases\/reebok-sacolas-sustentaveis-com-tecnologia-ecopure\/\"><\/a><div class=\"post_info\"><h5 class=\"post_title\"><a href=\"https:\/\/apack.com.br\/newsite\/cases\/reebok-sacolas-sustentaveis-com-tecnologia-ecopure\/\">Reebok: Sacolas Sustent\u00e1veis com Tecnologia EcoPure\u00ae<\/a><\/h5><div class=\"post_meta\"><span class=\"post_meta_item post_categories cat_sep\"><a href=\"https:\/\/apack.com.br\/newsite\/case\/embalagens\/\" title=\"View all posts in Embalagens\">Embalagens<\/a><\/span><\/div><\/div><\/div>\t\r\n<\/div><\/div><\/div><\/div><!-- \/.sc_portfolio -->\t\t\t\t<\/div>\n\t\t\t\t<\/div>\n\t\t\t\t<div class=\"elementor-element elementor-element-3740f57 sc_height_large sc_fly_static elementor-widget elementor-widget-spacer\" data-id=\"3740f57\" data-element_type=\"widget\" data-widget_type=\"spacer.default\">\n\t\t\t\t<div class=\"elementor-widget-container\">\n\t\t\t\t\t\t\t<div class=\"elementor-spacer\">\n\t\t\t<div class=\"elementor-spacer-inner\"><\/div>\n\t\t<\/div>\n\t\t\t\t\t\t<\/div>\n\t\t\t\t<\/div>\n\t\t\t\t\t<\/div>\n\t\t<\/div>\n\t\t\t\t\t<\/div>\n\t\t<\/section>\n\t\t\t\t<\/div>\n\t\t","protected":false},"excerpt":{"rendered":"<p>Logo Production Illustration Video Technology Illustration Pixel Perfect Illustration What to Watch Illustration Restaurant Style Illustration Candy Bar Illustration Masks and Covers Illustration 3D Printing Illustration Minimalism vs Chaos Illustration&hellip;<\/p>\n","protected":false},"author":1,"featured_media":0,"parent":0,"menu_order":0,"comment_status":"closed","ping_status":"closed","template":"","meta":{"footnotes":""},"class_list":["post-3224","page","type-page","status-publish","hentry"],"yoast_head":"<!-- This site is optimized with the Yoast SEO plugin v26.8 - https:\/\/yoast.com\/product\/yoast-seo-wordpress\/ -->\n<title>Portfolio - Apack Embalagens Pl\u00e1sticas<\/title>\n<meta name=\"robots\" content=\"noindex, follow, max-snippet:-1, max-image-preview:large, max-video-preview:-1\" \/>\n<meta property=\"og:locale\" content=\"pt_BR\" \/>\n<meta property=\"og:type\" content=\"article\" \/>\n<meta property=\"og:title\" content=\"Portfolio - Apack Embalagens Pl\u00e1sticas\" \/>\n<meta property=\"og:description\" content=\"Logo Production Illustration Video Technology Illustration Pixel Perfect Illustration What to Watch Illustration Restaurant Style Illustration Candy Bar Illustration Masks and Covers Illustration 3D Printing Illustration Minimalism vs Chaos Illustration&hellip;\" \/>\n<meta property=\"og:url\" content=\"https:\/\/apack.com.br\/newsite\/our-portfolio\/\" \/>\n<meta property=\"og:site_name\" content=\"Apack Embalagens Pl\u00e1sticas\" \/>\n<meta property=\"article:modified_time\" content=\"2021-07-14T12:34:19+00:00\" \/>\n<meta name=\"twitter:card\" content=\"summary_large_image\" \/>\n<script type=\"application\/ld+json\" class=\"yoast-schema-graph\">{\"@context\":\"https:\/\/schema.org\",\"@graph\":[{\"@type\":\"WebPage\",\"@id\":\"https:\/\/apack.com.br\/newsite\/our-portfolio\/\",\"url\":\"https:\/\/apack.com.br\/newsite\/our-portfolio\/\",\"name\":\"Portfolio - Apack Embalagens Pl\u00e1sticas\",\"isPartOf\":{\"@id\":\"https:\/\/apack.com.br\/newsite\/#website\"},\"datePublished\":\"2020-05-21T11:50:52+00:00\",\"dateModified\":\"2021-07-14T12:34:19+00:00\",\"breadcrumb\":{\"@id\":\"https:\/\/apack.com.br\/newsite\/our-portfolio\/#breadcrumb\"},\"inLanguage\":\"pt-BR\",\"potentialAction\":[{\"@type\":\"ReadAction\",\"target\":[\"https:\/\/apack.com.br\/newsite\/our-portfolio\/\"]}]},{\"@type\":\"BreadcrumbList\",\"@id\":\"https:\/\/apack.com.br\/newsite\/our-portfolio\/#breadcrumb\",\"itemListElement\":[{\"@type\":\"ListItem\",\"position\":1,\"name\":\"In\u00edcio\",\"item\":\"https:\/\/apack.com.br\/newsite\/\"},{\"@type\":\"ListItem\",\"position\":2,\"name\":\"Portfolio\"}]},{\"@type\":\"WebSite\",\"@id\":\"https:\/\/apack.com.br\/newsite\/#website\",\"url\":\"https:\/\/apack.com.br\/newsite\/\",\"name\":\"Apack Embalagens Pl\u00e1sticas\",\"description\":\"A Apack Embalagens \u00e9 uma empresa 100% nacional do segmento de embalagens pl\u00e1sticas e est\u00e1 no mercado a mais de 10 anos.\",\"publisher\":{\"@id\":\"https:\/\/apack.com.br\/newsite\/#organization\"},\"potentialAction\":[{\"@type\":\"SearchAction\",\"target\":{\"@type\":\"EntryPoint\",\"urlTemplate\":\"https:\/\/apack.com.br\/newsite\/?s={search_term_string}\"},\"query-input\":{\"@type\":\"PropertyValueSpecification\",\"valueRequired\":true,\"valueName\":\"search_term_string\"}}],\"inLanguage\":\"pt-BR\"},{\"@type\":\"Organization\",\"@id\":\"https:\/\/apack.com.br\/newsite\/#organization\",\"name\":\"Apack Embalagens Pl\u00e1sticas\",\"url\":\"https:\/\/apack.com.br\/newsite\/\",\"logo\":{\"@type\":\"ImageObject\",\"inLanguage\":\"pt-BR\",\"@id\":\"https:\/\/apack.com.br\/newsite\/#\/schema\/logo\/image\/\",\"url\":\"https:\/\/apack.com.br\/newsite\/wp-content\/uploads\/2024\/01\/logo-apack-embalagens.png\",\"contentUrl\":\"https:\/\/apack.com.br\/newsite\/wp-content\/uploads\/2024\/01\/logo-apack-embalagens.png\",\"width\":200,\"height\":60,\"caption\":\"Apack Embalagens Pl\u00e1sticas\"},\"image\":{\"@id\":\"https:\/\/apack.com.br\/newsite\/#\/schema\/logo\/image\/\"}}]}<\/script>\n<!-- \/ Yoast SEO plugin. -->","yoast_head_json":{"title":"Portfolio - Apack Embalagens Pl\u00e1sticas","robots":{"index":"noindex","follow":"follow","max-snippet":"max-snippet:-1","max-image-preview":"max-image-preview:large","max-video-preview":"max-video-preview:-1"},"og_locale":"pt_BR","og_type":"article","og_title":"Portfolio - Apack Embalagens Pl\u00e1sticas","og_description":"Logo Production Illustration Video Technology Illustration Pixel Perfect Illustration What to Watch Illustration Restaurant Style Illustration Candy Bar Illustration Masks and Covers Illustration 3D Printing Illustration Minimalism vs Chaos Illustration&hellip;","og_url":"https:\/\/apack.com.br\/newsite\/our-portfolio\/","og_site_name":"Apack Embalagens Pl\u00e1sticas","article_modified_time":"2021-07-14T12:34:19+00:00","twitter_card":"summary_large_image","schema":{"@context":"https:\/\/schema.org","@graph":[{"@type":"WebPage","@id":"https:\/\/apack.com.br\/newsite\/our-portfolio\/","url":"https:\/\/apack.com.br\/newsite\/our-portfolio\/","name":"Portfolio - Apack Embalagens Pl\u00e1sticas","isPartOf":{"@id":"https:\/\/apack.com.br\/newsite\/#website"},"datePublished":"2020-05-21T11:50:52+00:00","dateModified":"2021-07-14T12:34:19+00:00","breadcrumb":{"@id":"https:\/\/apack.com.br\/newsite\/our-portfolio\/#breadcrumb"},"inLanguage":"pt-BR","potentialAction":[{"@type":"ReadAction","target":["https:\/\/apack.com.br\/newsite\/our-portfolio\/"]}]},{"@type":"BreadcrumbList","@id":"https:\/\/apack.com.br\/newsite\/our-portfolio\/#breadcrumb","itemListElement":[{"@type":"ListItem","position":1,"name":"In\u00edcio","item":"https:\/\/apack.com.br\/newsite\/"},{"@type":"ListItem","position":2,"name":"Portfolio"}]},{"@type":"WebSite","@id":"https:\/\/apack.com.br\/newsite\/#website","url":"https:\/\/apack.com.br\/newsite\/","name":"Apack Embalagens Pl\u00e1sticas","description":"A Apack Embalagens \u00e9 uma empresa 100% nacional do segmento de embalagens pl\u00e1sticas e est\u00e1 no mercado a mais de 10 anos.","publisher":{"@id":"https:\/\/apack.com.br\/newsite\/#organization"},"potentialAction":[{"@type":"SearchAction","target":{"@type":"EntryPoint","urlTemplate":"https:\/\/apack.com.br\/newsite\/?s={search_term_string}"},"query-input":{"@type":"PropertyValueSpecification","valueRequired":true,"valueName":"search_term_string"}}],"inLanguage":"pt-BR"},{"@type":"Organization","@id":"https:\/\/apack.com.br\/newsite\/#organization","name":"Apack Embalagens Pl\u00e1sticas","url":"https:\/\/apack.com.br\/newsite\/","logo":{"@type":"ImageObject","inLanguage":"pt-BR","@id":"https:\/\/apack.com.br\/newsite\/#\/schema\/logo\/image\/","url":"https:\/\/apack.com.br\/newsite\/wp-content\/uploads\/2024\/01\/logo-apack-embalagens.png","contentUrl":"https:\/\/apack.com.br\/newsite\/wp-content\/uploads\/2024\/01\/logo-apack-embalagens.png","width":200,"height":60,"caption":"Apack Embalagens Pl\u00e1sticas"},"image":{"@id":"https:\/\/apack.com.br\/newsite\/#\/schema\/logo\/image\/"}}]}},"_links":{"self":[{"href":"https:\/\/apack.com.br\/newsite\/wp-json\/wp\/v2\/pages\/3224","targetHints":{"allow":["GET"]}}],"collection":[{"href":"https:\/\/apack.com.br\/newsite\/wp-json\/wp\/v2\/pages"}],"about":[{"href":"https:\/\/apack.com.br\/newsite\/wp-json\/wp\/v2\/types\/page"}],"author":[{"embeddable":true,"href":"https:\/\/apack.com.br\/newsite\/wp-json\/wp\/v2\/users\/1"}],"replies":[{"embeddable":true,"href":"https:\/\/apack.com.br\/newsite\/wp-json\/wp\/v2\/comments?post=3224"}],"version-history":[{"count":0,"href":"https:\/\/apack.com.br\/newsite\/wp-json\/wp\/v2\/pages\/3224\/revisions"}],"wp:attachment":[{"href":"https:\/\/apack.com.br\/newsite\/wp-json\/wp\/v2\/media?parent=3224"}],"curies":[{"name":"wp","href":"https:\/\/api.w.org\/{rel}","templated":true}]}}