{"id":17896,"date":"2024-05-28T00:16:56","date_gmt":"2024-05-28T03:16:56","guid":{"rendered":"https:\/\/apack.com.br\/newsite\/?page_id=17896"},"modified":"2024-05-28T00:24:59","modified_gmt":"2024-05-28T03:24:59","slug":"solucoes-criativas","status":"publish","type":"page","link":"https:\/\/apack.com.br\/newsite\/solucoes-criativas\/","title":{"rendered":"Solu\u00e7\u00f5es Criativas"},"content":{"rendered":"\t\t<div data-elementor-type=\"wp-page\" data-elementor-id=\"17896\" class=\"elementor elementor-17896\">\n\t\t\t\t\t\t<section class=\"elementor-section elementor-top-section elementor-element elementor-element-8fa859f elementor-section-boxed elementor-section-height-default elementor-section-height-default sc_fly_static\" data-id=\"8fa859f\" data-element_type=\"section\">\n\t\t\t\t\t\t<div class=\"elementor-container elementor-column-gap-extended\">\n\t\t\t\t\t<div class=\"elementor-column elementor-col-100 elementor-top-column elementor-element elementor-element-488e621 sc_inner_width_none sc_content_align_inherit sc_layouts_column_icons_position_left sc_fly_static\" data-id=\"488e621\" data-element_type=\"column\">\n\t\t\t<div class=\"elementor-widget-wrap elementor-element-populated\">\n\t\t\t\t\t\t<div class=\"elementor-element elementor-element-63ab518 sc_height_large sc_fly_static elementor-widget elementor-widget-spacer\" data-id=\"63ab518\" data-element_type=\"widget\" data-widget_type=\"spacer.default\">\n\t\t\t\t<div class=\"elementor-widget-container\">\n\t\t\t\t\t\t\t<div class=\"elementor-spacer\">\n\t\t\t<div class=\"elementor-spacer-inner\"><\/div>\n\t\t<\/div>\n\t\t\t\t\t\t<\/div>\n\t\t\t\t<\/div>\n\t\t\t\t\t<\/div>\n\t\t<\/div>\n\t\t\t\t\t<\/div>\n\t\t<\/section>\n\t\t\t\t<section class=\"elementor-section elementor-top-section elementor-element elementor-element-7304274 elementor-section-content-middle elementor-section-boxed elementor-section-height-default elementor-section-height-default sc_fly_static\" data-id=\"7304274\" data-element_type=\"section\" data-settings=\"{&quot;background_background&quot;:&quot;classic&quot;}\">\n\t\t\t\t\t\t<div class=\"elementor-container elementor-column-gap-extended\">\n\t\t\t\t\t<div class=\"elementor-column elementor-col-50 elementor-top-column elementor-element elementor-element-8789c02 sc_inner_width_none sc_content_align_inherit sc_layouts_column_icons_position_left sc_fly_static\" data-id=\"8789c02\" data-element_type=\"column\">\n\t\t\t<div class=\"elementor-widget-wrap elementor-element-populated\">\n\t\t\t\t\t\t<div class=\"elementor-element elementor-element-5a0d983 sc_fly_static elementor-widget elementor-widget-trx_sc_title\" data-id=\"5a0d983\" data-element_type=\"widget\" data-widget_type=\"trx_sc_title.default\">\n\t\t\t\t<div class=\"elementor-widget-container\">\n\t\t\t\t\t<div\t\tclass=\"sc_title sc_title_default\" ><span class=\"sc_item_subtitle sc_title_subtitle sc_item_subtitle_above sc_item_title_style_default\">suporte e orienta\u00e7\u00e3o na elabora\u00e7\u00e3o<\/span><h1 class=\"sc_item_title sc_title_title sc_item_title_style_default sc_item_title_tag\"\n\t\t\t><span class=\"sc_item_title_text\">solu\u00e7\u00f5es criativas<\/span><\/h1><\/div>\t\t\t\t<\/div>\n\t\t\t\t<\/div>\n\t\t\t\t<div class=\"elementor-element elementor-element-fa47612 sc_fly_static elementor-widget elementor-widget-spacer\" data-id=\"fa47612\" data-element_type=\"widget\" data-widget_type=\"spacer.default\">\n\t\t\t\t<div class=\"elementor-widget-container\">\n\t\t\t\t\t\t\t<div class=\"elementor-spacer\">\n\t\t\t<div class=\"elementor-spacer-inner\"><\/div>\n\t\t<\/div>\n\t\t\t\t\t\t<\/div>\n\t\t\t\t<\/div>\n\t\t\t\t<div class=\"elementor-element elementor-element-80da8ef sc_fly_static elementor-widget elementor-widget-text-editor\" data-id=\"80da8ef\" data-element_type=\"widget\" data-widget_type=\"text-editor.default\">\n\t\t\t\t<div class=\"elementor-widget-container\">\n\t\t\t\t\t\t\t\t\t<p><em><strong>A Apack oferece todo suporte e orienta\u00e7\u00e3o na elabora\u00e7\u00e3o, cria\u00e7\u00e3o e montagem do layout da embalagem do seu produto ou de sua sacola.<\/strong><\/em><\/p><p>Essas cria\u00e7\u00f5es e montagens podem ser efetuadas tanto por nosso pessoal sem custo algum para o cliente ou caso necessite de algo mais elaborado e espec\u00edfico fazemos a indica\u00e7\u00e3o e acompanhamento de toda a execu\u00e7\u00e3o do projeto desde o seu in\u00edcio at\u00e9 a aprova\u00e7\u00e3o final juntamente com parceiros que contam com profissionais extremamente t\u00e9cnicos e especializamos neste tipo de desenvolvimento para que a embalagem do produto tenha um grande destaque e proporcione um \u00f3timo retorno.<\/p><p>Contamos tamb\u00e9m com diversos profissionais capazes de orientar e ajudar na escolha da melhor estrutura do produto. Isso \u00e9 de grande valia principalmente quando se trata de produtos que devem ser acomodados dentro de embalagens que bloqueiem a passagem de luz, umidade, gorduras ou quaisquer outros fatores que impe\u00e7am a acomoda\u00e7\u00e3o em uma embalagem comum, al\u00e9m de garantir uma validade maior.<\/p>\t\t\t\t\t\t\t\t<\/div>\n\t\t\t\t<\/div>\n\t\t\t\t<div class=\"elementor-element elementor-element-f2c2420 sc_height_small sc_fly_static elementor-widget elementor-widget-spacer\" data-id=\"f2c2420\" data-element_type=\"widget\" data-widget_type=\"spacer.default\">\n\t\t\t\t<div class=\"elementor-widget-container\">\n\t\t\t\t\t\t\t<div class=\"elementor-spacer\">\n\t\t\t<div class=\"elementor-spacer-inner\"><\/div>\n\t\t<\/div>\n\t\t\t\t\t\t<\/div>\n\t\t\t\t<\/div>\n\t\t\t\t\t<\/div>\n\t\t<\/div>\n\t\t\t\t<div class=\"elementor-column elementor-col-50 elementor-top-column elementor-element elementor-element-cdbd6eb sc_inner_width_none sc_content_align_inherit sc_layouts_column_icons_position_left sc_fly_static\" data-id=\"cdbd6eb\" data-element_type=\"column\">\n\t\t\t<div class=\"elementor-widget-wrap elementor-element-populated\">\n\t\t\t\t\t\t<section class=\"elementor-section elementor-inner-section elementor-element elementor-element-e9e2a5c elementor-section-boxed elementor-section-height-default elementor-section-height-default sc_fly_static\" data-id=\"e9e2a5c\" data-element_type=\"section\">\n\t\t\t\t\t\t<div class=\"elementor-container elementor-column-gap-no\">\n\t\t\t\t\t<div class=\"elementor-column elementor-col-100 elementor-inner-column elementor-element elementor-element-2a611e4 sc_inner_width_none sc_content_align_inherit sc_layouts_column_icons_position_left sc_fly_static\" data-id=\"2a611e4\" data-element_type=\"column\">\n\t\t\t<div class=\"elementor-widget-wrap\">\n\t\t\t\t\t\t\t<\/div>\n\t\t<\/div>\n\t\t\t\t\t<\/div>\n\t\t<\/section>\n\t\t\t\t<div class=\"elementor-element elementor-element-2823eba no-title sc_fly_static elementor-widget elementor-widget-image\" data-id=\"2823eba\" data-element_type=\"widget\" data-widget_type=\"image.default\">\n\t\t\t\t<div class=\"elementor-widget-container\">\n\t\t\t\t\t\t\t\t\t\t\t\t\t\t\t<img fetchpriority=\"high\" decoding=\"async\" width=\"800\" height=\"800\" src=\"https:\/\/apack.com.br\/newsite\/wp-content\/uploads\/2024\/05\/solucoes-criativas-da-apack.png\" class=\"attachment-full size-full wp-image-17908\" alt=\"Solu\u00e7\u00f5es Criativas da apack\" srcset=\"https:\/\/apack.com.br\/newsite\/wp-content\/uploads\/2024\/05\/solucoes-criativas-da-apack.png 800w, https:\/\/apack.com.br\/newsite\/wp-content\/uploads\/2024\/05\/solucoes-criativas-da-apack-300x300.png 300w, https:\/\/apack.com.br\/newsite\/wp-content\/uploads\/2024\/05\/solucoes-criativas-da-apack-150x150.png 150w, https:\/\/apack.com.br\/newsite\/wp-content\/uploads\/2024\/05\/solucoes-criativas-da-apack-768x768.png 768w, https:\/\/apack.com.br\/newsite\/wp-content\/uploads\/2024\/05\/solucoes-criativas-da-apack-370x370.png 370w, https:\/\/apack.com.br\/newsite\/wp-content\/uploads\/2024\/05\/solucoes-criativas-da-apack-120x120.png 120w, https:\/\/apack.com.br\/newsite\/wp-content\/uploads\/2024\/05\/solucoes-criativas-da-apack-410x410.png 410w\" sizes=\"(max-width: 800px) 100vw, 800px\" \/>\t\t\t\t\t\t\t\t\t\t\t\t\t\t\t<\/div>\n\t\t\t\t<\/div>\n\t\t\t\t\t<\/div>\n\t\t<\/div>\n\t\t\t\t\t<\/div>\n\t\t<\/section>\n\t\t\t\t<section class=\"elementor-section elementor-top-section elementor-element elementor-element-17e6dba elementor-section-boxed elementor-section-height-default elementor-section-height-default sc_fly_static\" data-id=\"17e6dba\" data-element_type=\"section\">\n\t\t\t\t\t\t<div class=\"elementor-container elementor-column-gap-extended\">\n\t\t\t\t\t<div class=\"elementor-column elementor-col-100 elementor-top-column elementor-element elementor-element-5060050 sc_inner_width_none sc_content_align_inherit sc_layouts_column_icons_position_left sc_fly_static\" data-id=\"5060050\" data-element_type=\"column\">\n\t\t\t<div class=\"elementor-widget-wrap elementor-element-populated\">\n\t\t\t\t\t\t<div class=\"elementor-element elementor-element-6f346a0 sc_height_huge sc_fly_static elementor-widget elementor-widget-spacer\" data-id=\"6f346a0\" data-element_type=\"widget\" data-widget_type=\"spacer.default\">\n\t\t\t\t<div class=\"elementor-widget-container\">\n\t\t\t\t\t\t\t<div class=\"elementor-spacer\">\n\t\t\t<div class=\"elementor-spacer-inner\"><\/div>\n\t\t<\/div>\n\t\t\t\t\t\t<\/div>\n\t\t\t\t<\/div>\n\t\t\t\t\t<\/div>\n\t\t<\/div>\n\t\t\t\t\t<\/div>\n\t\t<\/section>\n\t\t\t\t<\/div>\n\t\t","protected":false},"excerpt":{"rendered":"<p>suporte e orienta\u00e7\u00e3o na elabora\u00e7\u00e3o solu\u00e7\u00f5es criativas A Apack oferece todo suporte e orienta\u00e7\u00e3o na elabora\u00e7\u00e3o, cria\u00e7\u00e3o e montagem do layout da embalagem do seu produto ou de sua sacola.&hellip;<\/p>\n","protected":false},"author":1,"featured_media":17908,"parent":0,"menu_order":0,"comment_status":"closed","ping_status":"closed","template":"","meta":{"footnotes":""},"class_list":["post-17896","page","type-page","status-publish","has-post-thumbnail","hentry"],"yoast_head":"<!-- This site is optimized with the Yoast SEO plugin v26.8 - https:\/\/yoast.com\/product\/yoast-seo-wordpress\/ -->\n<title>Solu\u00e7\u00f5es Criativas - Apack Embalagens Pl\u00e1sticas<\/title>\n<meta name=\"robots\" content=\"noindex, follow, max-snippet:-1, max-image-preview:large, max-video-preview:-1\" \/>\n<meta property=\"og:locale\" content=\"pt_BR\" \/>\n<meta property=\"og:type\" content=\"article\" \/>\n<meta property=\"og:title\" content=\"Solu\u00e7\u00f5es Criativas - Apack Embalagens Pl\u00e1sticas\" \/>\n<meta property=\"og:description\" content=\"suporte e orienta\u00e7\u00e3o na elabora\u00e7\u00e3o solu\u00e7\u00f5es criativas A Apack oferece todo suporte e orienta\u00e7\u00e3o na elabora\u00e7\u00e3o, cria\u00e7\u00e3o e montagem do layout da embalagem do seu produto ou de sua sacola.&hellip;\" \/>\n<meta property=\"og:url\" content=\"https:\/\/apack.com.br\/newsite\/solucoes-criativas\/\" \/>\n<meta property=\"og:site_name\" content=\"Apack Embalagens Pl\u00e1sticas\" \/>\n<meta property=\"article:modified_time\" content=\"2024-05-28T03:24:59+00:00\" \/>\n<meta property=\"og:image\" content=\"https:\/\/apack.com.br\/newsite\/wp-content\/uploads\/2024\/05\/solucoes-criativas-da-apack.png\" \/>\n\t<meta property=\"og:image:width\" content=\"800\" \/>\n\t<meta property=\"og:image:height\" content=\"800\" \/>\n\t<meta property=\"og:image:type\" content=\"image\/png\" \/>\n<meta name=\"twitter:card\" content=\"summary_large_image\" \/>\n<meta name=\"twitter:label1\" content=\"Est. tempo de leitura\" \/>\n\t<meta name=\"twitter:data1\" content=\"1 minuto\" \/>\n<script type=\"application\/ld+json\" class=\"yoast-schema-graph\">{\"@context\":\"https:\/\/schema.org\",\"@graph\":[{\"@type\":\"WebPage\",\"@id\":\"https:\/\/apack.com.br\/newsite\/solucoes-criativas\/\",\"url\":\"https:\/\/apack.com.br\/newsite\/solucoes-criativas\/\",\"name\":\"Solu\u00e7\u00f5es Criativas - Apack Embalagens Pl\u00e1sticas\",\"isPartOf\":{\"@id\":\"https:\/\/apack.com.br\/newsite\/#website\"},\"primaryImageOfPage\":{\"@id\":\"https:\/\/apack.com.br\/newsite\/solucoes-criativas\/#primaryimage\"},\"image\":{\"@id\":\"https:\/\/apack.com.br\/newsite\/solucoes-criativas\/#primaryimage\"},\"thumbnailUrl\":\"https:\/\/apack.com.br\/newsite\/wp-content\/uploads\/2024\/05\/solucoes-criativas-da-apack.png\",\"datePublished\":\"2024-05-28T03:16:56+00:00\",\"dateModified\":\"2024-05-28T03:24:59+00:00\",\"breadcrumb\":{\"@id\":\"https:\/\/apack.com.br\/newsite\/solucoes-criativas\/#breadcrumb\"},\"inLanguage\":\"pt-BR\",\"potentialAction\":[{\"@type\":\"ReadAction\",\"target\":[\"https:\/\/apack.com.br\/newsite\/solucoes-criativas\/\"]}]},{\"@type\":\"ImageObject\",\"inLanguage\":\"pt-BR\",\"@id\":\"https:\/\/apack.com.br\/newsite\/solucoes-criativas\/#primaryimage\",\"url\":\"https:\/\/apack.com.br\/newsite\/wp-content\/uploads\/2024\/05\/solucoes-criativas-da-apack.png\",\"contentUrl\":\"https:\/\/apack.com.br\/newsite\/wp-content\/uploads\/2024\/05\/solucoes-criativas-da-apack.png\",\"width\":800,\"height\":800,\"caption\":\"Solu\u00e7\u00f5es Criativas da apack\"},{\"@type\":\"BreadcrumbList\",\"@id\":\"https:\/\/apack.com.br\/newsite\/solucoes-criativas\/#breadcrumb\",\"itemListElement\":[{\"@type\":\"ListItem\",\"position\":1,\"name\":\"In\u00edcio\",\"item\":\"https:\/\/apack.com.br\/newsite\/\"},{\"@type\":\"ListItem\",\"position\":2,\"name\":\"Solu\u00e7\u00f5es Criativas\"}]},{\"@type\":\"WebSite\",\"@id\":\"https:\/\/apack.com.br\/newsite\/#website\",\"url\":\"https:\/\/apack.com.br\/newsite\/\",\"name\":\"Apack Embalagens Pl\u00e1sticas\",\"description\":\"A Apack Embalagens \u00e9 uma empresa 100% nacional do segmento de embalagens pl\u00e1sticas e est\u00e1 no mercado a mais de 10 anos.\",\"publisher\":{\"@id\":\"https:\/\/apack.com.br\/newsite\/#organization\"},\"potentialAction\":[{\"@type\":\"SearchAction\",\"target\":{\"@type\":\"EntryPoint\",\"urlTemplate\":\"https:\/\/apack.com.br\/newsite\/?s={search_term_string}\"},\"query-input\":{\"@type\":\"PropertyValueSpecification\",\"valueRequired\":true,\"valueName\":\"search_term_string\"}}],\"inLanguage\":\"pt-BR\"},{\"@type\":\"Organization\",\"@id\":\"https:\/\/apack.com.br\/newsite\/#organization\",\"name\":\"Apack Embalagens Pl\u00e1sticas\",\"url\":\"https:\/\/apack.com.br\/newsite\/\",\"logo\":{\"@type\":\"ImageObject\",\"inLanguage\":\"pt-BR\",\"@id\":\"https:\/\/apack.com.br\/newsite\/#\/schema\/logo\/image\/\",\"url\":\"https:\/\/apack.com.br\/newsite\/wp-content\/uploads\/2024\/01\/logo-apack-embalagens.png\",\"contentUrl\":\"https:\/\/apack.com.br\/newsite\/wp-content\/uploads\/2024\/01\/logo-apack-embalagens.png\",\"width\":200,\"height\":60,\"caption\":\"Apack Embalagens Pl\u00e1sticas\"},\"image\":{\"@id\":\"https:\/\/apack.com.br\/newsite\/#\/schema\/logo\/image\/\"}}]}<\/script>\n<!-- \/ Yoast SEO plugin. -->","yoast_head_json":{"title":"Solu\u00e7\u00f5es Criativas - Apack Embalagens Pl\u00e1sticas","robots":{"index":"noindex","follow":"follow","max-snippet":"max-snippet:-1","max-image-preview":"max-image-preview:large","max-video-preview":"max-video-preview:-1"},"og_locale":"pt_BR","og_type":"article","og_title":"Solu\u00e7\u00f5es Criativas - Apack Embalagens Pl\u00e1sticas","og_description":"suporte e orienta\u00e7\u00e3o na elabora\u00e7\u00e3o solu\u00e7\u00f5es criativas A Apack oferece todo suporte e orienta\u00e7\u00e3o na elabora\u00e7\u00e3o, cria\u00e7\u00e3o e montagem do layout da embalagem do seu produto ou de sua sacola.&hellip;","og_url":"https:\/\/apack.com.br\/newsite\/solucoes-criativas\/","og_site_name":"Apack Embalagens Pl\u00e1sticas","article_modified_time":"2024-05-28T03:24:59+00:00","og_image":[{"width":800,"height":800,"url":"https:\/\/apack.com.br\/newsite\/wp-content\/uploads\/2024\/05\/solucoes-criativas-da-apack.png","type":"image\/png"}],"twitter_card":"summary_large_image","twitter_misc":{"Est. tempo de leitura":"1 minuto"},"schema":{"@context":"https:\/\/schema.org","@graph":[{"@type":"WebPage","@id":"https:\/\/apack.com.br\/newsite\/solucoes-criativas\/","url":"https:\/\/apack.com.br\/newsite\/solucoes-criativas\/","name":"Solu\u00e7\u00f5es Criativas - Apack Embalagens Pl\u00e1sticas","isPartOf":{"@id":"https:\/\/apack.com.br\/newsite\/#website"},"primaryImageOfPage":{"@id":"https:\/\/apack.com.br\/newsite\/solucoes-criativas\/#primaryimage"},"image":{"@id":"https:\/\/apack.com.br\/newsite\/solucoes-criativas\/#primaryimage"},"thumbnailUrl":"https:\/\/apack.com.br\/newsite\/wp-content\/uploads\/2024\/05\/solucoes-criativas-da-apack.png","datePublished":"2024-05-28T03:16:56+00:00","dateModified":"2024-05-28T03:24:59+00:00","breadcrumb":{"@id":"https:\/\/apack.com.br\/newsite\/solucoes-criativas\/#breadcrumb"},"inLanguage":"pt-BR","potentialAction":[{"@type":"ReadAction","target":["https:\/\/apack.com.br\/newsite\/solucoes-criativas\/"]}]},{"@type":"ImageObject","inLanguage":"pt-BR","@id":"https:\/\/apack.com.br\/newsite\/solucoes-criativas\/#primaryimage","url":"https:\/\/apack.com.br\/newsite\/wp-content\/uploads\/2024\/05\/solucoes-criativas-da-apack.png","contentUrl":"https:\/\/apack.com.br\/newsite\/wp-content\/uploads\/2024\/05\/solucoes-criativas-da-apack.png","width":800,"height":800,"caption":"Solu\u00e7\u00f5es Criativas da apack"},{"@type":"BreadcrumbList","@id":"https:\/\/apack.com.br\/newsite\/solucoes-criativas\/#breadcrumb","itemListElement":[{"@type":"ListItem","position":1,"name":"In\u00edcio","item":"https:\/\/apack.com.br\/newsite\/"},{"@type":"ListItem","position":2,"name":"Solu\u00e7\u00f5es Criativas"}]},{"@type":"WebSite","@id":"https:\/\/apack.com.br\/newsite\/#website","url":"https:\/\/apack.com.br\/newsite\/","name":"Apack Embalagens Pl\u00e1sticas","description":"A Apack Embalagens \u00e9 uma empresa 100% nacional do segmento de embalagens pl\u00e1sticas e est\u00e1 no mercado a mais de 10 anos.","publisher":{"@id":"https:\/\/apack.com.br\/newsite\/#organization"},"potentialAction":[{"@type":"SearchAction","target":{"@type":"EntryPoint","urlTemplate":"https:\/\/apack.com.br\/newsite\/?s={search_term_string}"},"query-input":{"@type":"PropertyValueSpecification","valueRequired":true,"valueName":"search_term_string"}}],"inLanguage":"pt-BR"},{"@type":"Organization","@id":"https:\/\/apack.com.br\/newsite\/#organization","name":"Apack Embalagens Pl\u00e1sticas","url":"https:\/\/apack.com.br\/newsite\/","logo":{"@type":"ImageObject","inLanguage":"pt-BR","@id":"https:\/\/apack.com.br\/newsite\/#\/schema\/logo\/image\/","url":"https:\/\/apack.com.br\/newsite\/wp-content\/uploads\/2024\/01\/logo-apack-embalagens.png","contentUrl":"https:\/\/apack.com.br\/newsite\/wp-content\/uploads\/2024\/01\/logo-apack-embalagens.png","width":200,"height":60,"caption":"Apack Embalagens Pl\u00e1sticas"},"image":{"@id":"https:\/\/apack.com.br\/newsite\/#\/schema\/logo\/image\/"}}]}},"_links":{"self":[{"href":"https:\/\/apack.com.br\/newsite\/wp-json\/wp\/v2\/pages\/17896","targetHints":{"allow":["GET"]}}],"collection":[{"href":"https:\/\/apack.com.br\/newsite\/wp-json\/wp\/v2\/pages"}],"about":[{"href":"https:\/\/apack.com.br\/newsite\/wp-json\/wp\/v2\/types\/page"}],"author":[{"embeddable":true,"href":"https:\/\/apack.com.br\/newsite\/wp-json\/wp\/v2\/users\/1"}],"replies":[{"embeddable":true,"href":"https:\/\/apack.com.br\/newsite\/wp-json\/wp\/v2\/comments?post=17896"}],"version-history":[{"count":10,"href":"https:\/\/apack.com.br\/newsite\/wp-json\/wp\/v2\/pages\/17896\/revisions"}],"predecessor-version":[{"id":17911,"href":"https:\/\/apack.com.br\/newsite\/wp-json\/wp\/v2\/pages\/17896\/revisions\/17911"}],"wp:featuredmedia":[{"embeddable":true,"href":"https:\/\/apack.com.br\/newsite\/wp-json\/wp\/v2\/media\/17908"}],"wp:attachment":[{"href":"https:\/\/apack.com.br\/newsite\/wp-json\/wp\/v2\/media?parent=17896"}],"curies":[{"name":"wp","href":"https:\/\/api.w.org\/{rel}","templated":true}]}}